{"id":20095,"date":"2020-08-21T15:06:37","date_gmt":"2020-08-21T15:06:37","guid":{"rendered":"https:\/\/pdtranslations.co.uk\/what-to-expect\/"},"modified":"2023-08-24T08:19:52","modified_gmt":"2023-08-24T08:19:52","slug":"jak-zlecic-tlumaczenie","status":"publish","type":"page","link":"https:\/\/pdtranslations.co.uk\/pl\/jak-zlecic-tlumaczenie\/","title":{"rendered":"Jak zleci\u0107 t\u0142umaczenie?"},"content":{"rendered":"\t\t<div data-elementor-type=\"wp-page\" data-elementor-id=\"20095\" class=\"elementor elementor-20095 elementor-12441\">\n\t\t\t\t\t\t<section class=\"elementor-section elementor-top-section elementor-element elementor-element-309c9cfc elementor-section-boxed elementor-section-height-default elementor-section-height-default sc_fly_static\" data-id=\"309c9cfc\" data-element_type=\"section\">\n\t\t\t\t\t\t<div class=\"elementor-container elementor-column-gap-extended\">\n\t\t\t\t\t<div class=\"elementor-column elementor-col-100 elementor-top-column elementor-element elementor-element-75107b40 sc_inner_width_none sc_content_align_inherit sc_layouts_column_icons_position_left sc_fly_static\" data-id=\"75107b40\" data-element_type=\"column\">\n\t\t\t<div class=\"elementor-widget-wrap elementor-element-populated\">\n\t\t\t\t\t\t<div class=\"elementor-element elementor-element-31b20d82 animation_type_block sc_fly_static elementor-invisible elementor-widget elementor-widget-trx_sc_title\" data-id=\"31b20d82\" data-element_type=\"widget\" data-settings=\"{&quot;_animation&quot;:&quot;fadeInLeft&quot;}\" data-widget_type=\"trx_sc_title.default\">\n\t\t\t\t<div class=\"elementor-widget-container\">\n\t\t\t<div\t\tclass=\"sc_title sc_title_default\" ><h1 class=\"sc_item_title sc_title_title sc_align_center sc_item_title_style_default sc_item_title_tag\"\n\t\t\t><span class=\"sc_item_title_text\">Jak zleci\u0107 t\u0142umaczenie?<\/span><\/h1><div class=\"sc_item_descr sc_title_descr sc_align_center\"><p>Idziemy dalej razem? Aby nasz kontakt by\u0142 owocny i przyjemny, proponuj\u0119 Ci 4 proste kroki:<\/p>\n<\/div><\/div>\t\t<\/div>\n\t\t\t\t<\/div>\n\t\t\t\t<div class=\"elementor-element elementor-element-fffb523 animation_type_block sc_fly_static elementor-invisible elementor-widget elementor-widget-trx_sc_services\" data-id=\"fffb523\" data-element_type=\"widget\" data-settings=\"{&quot;_animation&quot;:&quot;fadeInRight&quot;}\" data-widget_type=\"trx_sc_services.default\">\n\t\t\t\t<div class=\"elementor-widget-container\">\n\t\t\t<div class=\"sc_services sc_services_unusual sc_services_featured_top\"><div class=\"sc_services_columns_wrap sc_item_columns sc_item_posts_container sc_item_columns_4 trx_addons_columns_wrap columns_padding_bottom columns_in_single_row\"><div class=\"trx_addons_column-1_4\"><div data-post-id=\"20150\" class=\"sc_services_item sc_item_container post_container no_links with_content with_number sc_services_item_featured_top post-20150 cpt_services type-cpt_services status-publish hentry cpt_services_group-what-to-expect\">\r\n\t    <div class=\"sc_services_item_info\">\r\n\t\t\t\t<div class=\"sc_services_item_header\">\r\n\t\t\t<div class=\"sc_services_item_title_wrap\">\r\n\r\n                <h4 class=\"sc_services_item_title entry-title\"><span class=\"sc_services_item_number\">01.<\/span><span class=\"sc_services_item_title_text\">Wiadomo\u015b\u0107<\/span><\/h4>\r\n                <\/div>\t\t<\/div>\r\n\t\t\r\n\t\t\t\t\t<div class=\"sc_services_item_content\"><p>Bez wzgl\u0119du na to, czy ju\u017c jeste\u015b zdecydowany, czy te\u017c chcesz przedyskutowa\u0107 sw\u00f3j pomys\u0142, wy\u015blij mi wiadomo\u015b\u0107. Okre\u015bl kim jeste\u015b, czego potrzebujesz i w jakiej bran\u017cy, a ja zaczn\u0119 przygotowywa\u0107 koncepcj\u0119 wykonania pracy dla Ciebie.<\/p>\n<\/div><\/div>\r\n<\/div>\r\n<\/div><div class=\"trx_addons_column-1_4\"><div data-post-id=\"20151\" class=\"sc_services_item sc_item_container post_container no_links with_content with_number sc_services_item_featured_top post-20151 cpt_services type-cpt_services status-publish hentry cpt_services_group-what-to-expect\">\r\n\t    <div class=\"sc_services_item_info\">\r\n\t\t\t\t<div class=\"sc_services_item_header\">\r\n\t\t\t<div class=\"sc_services_item_title_wrap\">\r\n\r\n                <h4 class=\"sc_services_item_title entry-title\"><span class=\"sc_services_item_number\">02.<\/span><span class=\"sc_services_item_title_text\">Opcje<\/span><\/h4>\r\n                <\/div>\t\t<\/div>\r\n\t\t\r\n\t\t\t\t\t<div class=\"sc_services_item_content\"><p>Je\u015bli b\u0119d\u0119 potrzebowa\u0107 wi\u0119cej informacji, skontaktuj\u0119 si\u0119 z Tob\u0105<br \/> i przedstawi\u0119 plan dzia\u0142ania oraz koszty. To najlepszy czas, by zada\u0107 wszystkie pytania i wyja\u015bni\u0107 w\u0105tpliwo\u015bci.<\/p>\n<\/div><\/div>\r\n<\/div>\r\n<\/div><div class=\"trx_addons_column-1_4\"><div data-post-id=\"20152\" class=\"sc_services_item sc_item_container post_container no_links with_content with_number sc_services_item_featured_top post-20152 cpt_services type-cpt_services status-publish hentry cpt_services_group-what-to-expect\">\r\n\t    <div class=\"sc_services_item_info\">\r\n\t\t\t\t<div class=\"sc_services_item_header\">\r\n\t\t\t<div class=\"sc_services_item_title_wrap\">\r\n\r\n                <h4 class=\"sc_services_item_title entry-title\"><span class=\"sc_services_item_number\">03.<\/span><span class=\"sc_services_item_title_text\">Potwierdzenie<\/span><\/h4>\r\n                <\/div>\t\t<\/div>\r\n\t\t\r\n\t\t\t\t\t<div class=\"sc_services_item_content\"><p>Pracy podejmuj\u0119 si\u0119 tylko wtedy, gdy jestem pewna swojej wiedzy w danej dziedzinie. Mo\u017cesz wi\u0119c oczekiwa\u0107,<br \/> \u017ce jako\u015b\u0107, kt\u00f3r\u0105 otrzymasz, b\u0119dzie najwy\u017csza. Je\u015bli zaakceptujesz moj\u0105 koncepcj\u0119 i koszt, prze\u015bl\u0119 Ci plan pracy i termin jej wykonania. Zawsze przestrzegam kodeksu etyki oraz zasad poufno\u015bci okre\u015blonych przez RODO. Je\u015bli zajdzie taka potrzeba, jestem gotowa do podpisania umowy o zachowaniu poufno\u015bci.<\/p>\n<\/div><\/div>\r\n<\/div>\r\n<\/div><div class=\"trx_addons_column-1_4\"><div data-post-id=\"20153\" class=\"sc_services_item sc_item_container post_container no_links with_content with_number sc_services_item_featured_top post-20153 cpt_services type-cpt_services status-publish hentry cpt_services_group-what-to-expect\">\r\n\t    <div class=\"sc_services_item_info\">\r\n\t\t\t\t<div class=\"sc_services_item_header\">\r\n\t\t\t<div class=\"sc_services_item_title_wrap\">\r\n\r\n                <h4 class=\"sc_services_item_title entry-title\"><span class=\"sc_services_item_number\">04.<\/span><span class=\"sc_services_item_title_text\">Praca gotowa<\/span><\/h4>\r\n                <\/div>\t\t<\/div>\r\n\t\t\r\n\t\t\t\t\t<div class=\"sc_services_item_content\"><p>Uzgodnione t\u0142umaczenie prze\u015bl\u0119 Ci<br \/> w terminie albo jeszcze przed jego up\u0142ywem. W przypadku pyta\u0144 s\u0142u\u017c\u0119 Ci wyja\u015bnienieniami, a je\u015bli b\u0119dziesz potrzebowa\u0107 zmian, jestem do Twojej dyspozycji.<\/p>\n<\/div><\/div>\r\n<\/div>\r\n<\/div><\/div><\/div>\t\t<\/div>\n\t\t\t\t<\/div>\n\t\t\t\t\t<\/div>\n\t\t<\/div>\n\t\t\t\t\t<\/div>\n\t\t<\/section>\n\t\t\t\t<section class=\"elementor-section elementor-top-section elementor-element elementor-element-49237be8 scheme_default white-color elementor-section-boxed elementor-section-height-default elementor-section-height-default sc_fly_static\" data-id=\"49237be8\" data-element_type=\"section\" data-settings=\"{&quot;background_background&quot;:&quot;classic&quot;}\">\n\t\t\t\t\t\t\t<div class=\"elementor-background-overlay\"><\/div>\n\t\t\t\t\t\t\t<div class=\"elementor-container elementor-column-gap-extended\">\n\t\t\t\t\t<div class=\"elementor-column elementor-col-100 elementor-top-column elementor-element elementor-element-34c9eeb8 sc_inner_width_none sc_content_align_inherit sc_layouts_column_icons_position_left sc_fly_static\" data-id=\"34c9eeb8\" data-element_type=\"column\">\n\t\t\t<div class=\"elementor-widget-wrap elementor-element-populated\">\n\t\t\t\t\t\t<div class=\"elementor-element elementor-element-a010c6e animation_type_block sc_fly_static elementor-invisible elementor-widget elementor-widget-trx_sc_title\" data-id=\"a010c6e\" data-element_type=\"widget\" data-settings=\"{&quot;_animation&quot;:&quot;fadeInRight&quot;}\" data-widget_type=\"trx_sc_title.default\">\n\t\t\t\t<div class=\"elementor-widget-container\">\n\t\t\t<div\t\tclass=\"sc_title sc_title_default\" ><h1 class=\"sc_item_title sc_title_title sc_align_center sc_item_title_style_default sc_item_title_tag trx_addons_inline_1356296977\"\n\t\t\t><span class=\"sc_item_title_text\">Skontaktuj si\u0119 ze mn\u0105<\/span><\/h1><div class=\"sc_item_descr sc_title_descr sc_align_center\"><p>Moim celem jest przes\u0142anie Ci t\u0142umaczenia i uwolnienie Ci\u0119 od zwi\u0105zanego z tym stresu. Je\u015bli wi\u0119c masz pytanie lub chcesz rozpocz\u0105\u0107 wsp\u00f3\u0142prac\u0119, czekam na Twoj\u0105 wiadomo\u015b\u0107!<\/p>\n<\/div><div\tclass=\"sc_item_button sc_button_wrap sc_align_center sc_item_button sc_item_button_default sc_title_button\"><a href=\"https:\/\/pdtranslations.co.uk\/pl\/kontakt\/\" class=\"sc_button sc_button_default sc_button_size_normal sc_button_icon_left\"><span class=\"sc_button_text\"><span class=\"sc_button_title\">Wy\u015blij pytanie<\/span><\/span><\/a><\/div><\/div>\t\t<\/div>\n\t\t\t\t<\/div>\n\t\t\t\t\t<\/div>\n\t\t<\/div>\n\t\t\t\t\t<\/div>\n\t\t<\/section>\n\t\t\t\t<\/div>\n\t\t","protected":false},"excerpt":{"rendered":"<p>Jak zleci\u0107 t\u0142umaczenie? Idziemy dalej razem? Aby nasz kontakt by\u0142 owocny i przyjemny, proponuj\u0119 Ci 4 proste kroki: 01.Wiadomo\u015b\u0107 Bez wzgl\u0119du na to, czy ju\u017c jeste\u015b zdecydowany, czy te\u017c chcesz&hellip;<\/p>\n","protected":false},"author":1,"featured_media":0,"parent":0,"menu_order":0,"comment_status":"closed","ping_status":"closed","template":"elementor_header_footer","meta":[],"yoast_head":"<!-- This site is optimized with the Yoast SEO plugin v20.9 - https:\/\/yoast.com\/wordpress\/plugins\/seo\/ -->\n<title>Polish Translation &amp; Interpreting Process | Polish - English Translator<\/title>\n<meta name=\"description\" content=\"Professional English to Polish translation, proofreading, editing, copywriting and subtitling services from a specialist Polish translator. Get a quote!\" \/>\n<meta name=\"robots\" content=\"index, follow, max-snippet:-1, max-image-preview:large, max-video-preview:-1\" \/>\n<link rel=\"canonical\" href=\"https:\/\/pdtranslations.co.uk\/pl\/jak-zlecic-tlumaczenie\/\" \/>\n<meta property=\"og:locale\" content=\"pl_PL\" \/>\n<meta property=\"og:type\" content=\"article\" \/>\n<meta property=\"og:title\" content=\"Polish Translation &amp; Interpreting Process | Polish - English Translator\" \/>\n<meta property=\"og:description\" content=\"Professional English to Polish translation, proofreading, editing, copywriting and subtitling services from a specialist Polish translator. Get a quote!\" \/>\n<meta property=\"og:url\" content=\"https:\/\/pdtranslations.co.uk\/pl\/jak-zlecic-tlumaczenie\/\" \/>\n<meta property=\"og:site_name\" content=\"PDTranslations\" \/>\n<meta property=\"article:modified_time\" content=\"2023-08-24T08:19:52+00:00\" \/>\n<meta name=\"twitter:card\" content=\"summary_large_image\" \/>\n<meta name=\"twitter:label1\" content=\"Szacowany czas czytania\" \/>\n\t<meta name=\"twitter:data1\" content=\"2 minuty\" \/>\n<script type=\"application\/ld+json\" class=\"yoast-schema-graph\">{\"@context\":\"https:\/\/schema.org\",\"@graph\":[{\"@type\":\"WebPage\",\"@id\":\"https:\/\/pdtranslations.co.uk\/pl\/jak-zlecic-tlumaczenie\/\",\"url\":\"https:\/\/pdtranslations.co.uk\/pl\/jak-zlecic-tlumaczenie\/\",\"name\":\"Polish Translation & Interpreting Process | Polish - English Translator\",\"isPartOf\":{\"@id\":\"https:\/\/pdtranslations.co.uk\/#website\"},\"datePublished\":\"2020-08-21T15:06:37+00:00\",\"dateModified\":\"2023-08-24T08:19:52+00:00\",\"description\":\"Professional English to Polish translation, proofreading, editing, copywriting and subtitling services from a specialist Polish translator. Get a quote!\",\"breadcrumb\":{\"@id\":\"https:\/\/pdtranslations.co.uk\/pl\/jak-zlecic-tlumaczenie\/#breadcrumb\"},\"inLanguage\":\"pl-PL\",\"potentialAction\":[{\"@type\":\"ReadAction\",\"target\":[\"https:\/\/pdtranslations.co.uk\/pl\/jak-zlecic-tlumaczenie\/\"]}]},{\"@type\":\"BreadcrumbList\",\"@id\":\"https:\/\/pdtranslations.co.uk\/pl\/jak-zlecic-tlumaczenie\/#breadcrumb\",\"itemListElement\":[{\"@type\":\"ListItem\",\"position\":1,\"name\":\"Home\",\"item\":\"https:\/\/pdtranslations.co.uk\/pl\/\"},{\"@type\":\"ListItem\",\"position\":2,\"name\":\"Jak zleci\u0107 t\u0142umaczenie?\"}]},{\"@type\":\"WebSite\",\"@id\":\"https:\/\/pdtranslations.co.uk\/#website\",\"url\":\"https:\/\/pdtranslations.co.uk\/\",\"name\":\"PDTranslations\",\"description\":\"\",\"publisher\":{\"@id\":\"https:\/\/pdtranslations.co.uk\/#organization\"},\"potentialAction\":[{\"@type\":\"SearchAction\",\"target\":{\"@type\":\"EntryPoint\",\"urlTemplate\":\"https:\/\/pdtranslations.co.uk\/?s={search_term_string}\"},\"query-input\":\"required name=search_term_string\"}],\"inLanguage\":\"pl-PL\"},{\"@type\":\"Organization\",\"@id\":\"https:\/\/pdtranslations.co.uk\/#organization\",\"name\":\"PDTranslations\",\"url\":\"https:\/\/pdtranslations.co.uk\/\",\"logo\":{\"@type\":\"ImageObject\",\"inLanguage\":\"pl-PL\",\"@id\":\"https:\/\/pdtranslations.co.uk\/#\/schema\/logo\/image\/\",\"url\":\"https:\/\/pdtranslations.co.uk\/wp-content\/uploads\/2022\/10\/pd-logo-1.png\",\"contentUrl\":\"https:\/\/pdtranslations.co.uk\/wp-content\/uploads\/2022\/10\/pd-logo-1.png\",\"width\":1315,\"height\":228,\"caption\":\"PDTranslations\"},\"image\":{\"@id\":\"https:\/\/pdtranslations.co.uk\/#\/schema\/logo\/image\/\"}}]}<\/script>\n<!-- \/ Yoast SEO plugin. -->","yoast_head_json":{"title":"Polish Translation & Interpreting Process | Polish - English Translator","description":"Professional English to Polish translation, proofreading, editing, copywriting and subtitling services from a specialist Polish translator. Get a quote!","robots":{"index":"index","follow":"follow","max-snippet":"max-snippet:-1","max-image-preview":"max-image-preview:large","max-video-preview":"max-video-preview:-1"},"canonical":"https:\/\/pdtranslations.co.uk\/pl\/jak-zlecic-tlumaczenie\/","og_locale":"pl_PL","og_type":"article","og_title":"Polish Translation & Interpreting Process | Polish - English Translator","og_description":"Professional English to Polish translation, proofreading, editing, copywriting and subtitling services from a specialist Polish translator. Get a quote!","og_url":"https:\/\/pdtranslations.co.uk\/pl\/jak-zlecic-tlumaczenie\/","og_site_name":"PDTranslations","article_modified_time":"2023-08-24T08:19:52+00:00","twitter_card":"summary_large_image","twitter_misc":{"Szacowany czas czytania":"2 minuty"},"schema":{"@context":"https:\/\/schema.org","@graph":[{"@type":"WebPage","@id":"https:\/\/pdtranslations.co.uk\/pl\/jak-zlecic-tlumaczenie\/","url":"https:\/\/pdtranslations.co.uk\/pl\/jak-zlecic-tlumaczenie\/","name":"Polish Translation & Interpreting Process | Polish - English Translator","isPartOf":{"@id":"https:\/\/pdtranslations.co.uk\/#website"},"datePublished":"2020-08-21T15:06:37+00:00","dateModified":"2023-08-24T08:19:52+00:00","description":"Professional English to Polish translation, proofreading, editing, copywriting and subtitling services from a specialist Polish translator. Get a quote!","breadcrumb":{"@id":"https:\/\/pdtranslations.co.uk\/pl\/jak-zlecic-tlumaczenie\/#breadcrumb"},"inLanguage":"pl-PL","potentialAction":[{"@type":"ReadAction","target":["https:\/\/pdtranslations.co.uk\/pl\/jak-zlecic-tlumaczenie\/"]}]},{"@type":"BreadcrumbList","@id":"https:\/\/pdtranslations.co.uk\/pl\/jak-zlecic-tlumaczenie\/#breadcrumb","itemListElement":[{"@type":"ListItem","position":1,"name":"Home","item":"https:\/\/pdtranslations.co.uk\/pl\/"},{"@type":"ListItem","position":2,"name":"Jak zleci\u0107 t\u0142umaczenie?"}]},{"@type":"WebSite","@id":"https:\/\/pdtranslations.co.uk\/#website","url":"https:\/\/pdtranslations.co.uk\/","name":"PDTranslations","description":"","publisher":{"@id":"https:\/\/pdtranslations.co.uk\/#organization"},"potentialAction":[{"@type":"SearchAction","target":{"@type":"EntryPoint","urlTemplate":"https:\/\/pdtranslations.co.uk\/?s={search_term_string}"},"query-input":"required name=search_term_string"}],"inLanguage":"pl-PL"},{"@type":"Organization","@id":"https:\/\/pdtranslations.co.uk\/#organization","name":"PDTranslations","url":"https:\/\/pdtranslations.co.uk\/","logo":{"@type":"ImageObject","inLanguage":"pl-PL","@id":"https:\/\/pdtranslations.co.uk\/#\/schema\/logo\/image\/","url":"https:\/\/pdtranslations.co.uk\/wp-content\/uploads\/2022\/10\/pd-logo-1.png","contentUrl":"https:\/\/pdtranslations.co.uk\/wp-content\/uploads\/2022\/10\/pd-logo-1.png","width":1315,"height":228,"caption":"PDTranslations"},"image":{"@id":"https:\/\/pdtranslations.co.uk\/#\/schema\/logo\/image\/"}}]}},"_links":{"self":[{"href":"https:\/\/pdtranslations.co.uk\/pl\/wp-json\/wp\/v2\/pages\/20095"}],"collection":[{"href":"https:\/\/pdtranslations.co.uk\/pl\/wp-json\/wp\/v2\/pages"}],"about":[{"href":"https:\/\/pdtranslations.co.uk\/pl\/wp-json\/wp\/v2\/types\/page"}],"author":[{"embeddable":true,"href":"https:\/\/pdtranslations.co.uk\/pl\/wp-json\/wp\/v2\/users\/1"}],"replies":[{"embeddable":true,"href":"https:\/\/pdtranslations.co.uk\/pl\/wp-json\/wp\/v2\/comments?post=20095"}],"version-history":[{"count":16,"href":"https:\/\/pdtranslations.co.uk\/pl\/wp-json\/wp\/v2\/pages\/20095\/revisions"}],"predecessor-version":[{"id":20284,"href":"https:\/\/pdtranslations.co.uk\/pl\/wp-json\/wp\/v2\/pages\/20095\/revisions\/20284"}],"wp:attachment":[{"href":"https:\/\/pdtranslations.co.uk\/pl\/wp-json\/wp\/v2\/media?parent=20095"}],"curies":[{"name":"wp","href":"https:\/\/api.w.org\/{rel}","templated":true}]}}